{"id":6116,"date":"2023-08-17T11:16:28","date_gmt":"2023-08-17T09:16:28","guid":{"rendered":"https:\/\/busatti.com\/cookie-declaration\/"},"modified":"2025-02-23T12:49:54","modified_gmt":"2025-02-23T11:49:54","slug":"cookie-declaration","status":"publish","type":"page","link":"https:\/\/busatti.com\/en\/cookie-declaration\/","title":{"rendered":"Cookie Declaration"},"content":{"rendered":"\t\t<div data-elementor-type=\"wp-post\" data-elementor-id=\"6116\" class=\"elementor elementor-6116\">\n\t\t\t\t\t\t<section class=\"elementor-section elementor-top-section elementor-element elementor-element-5f65d3d elementor-section-boxed elementor-section-height-default elementor-section-height-default\" data-id=\"5f65d3d\" data-element_type=\"section\">\n\t\t\t\t\t\t<div class=\"elementor-container elementor-column-gap-extended\">\n\t\t\t\t\t<div class=\"elementor-column elementor-col-100 elementor-top-column elementor-element elementor-element-3c7a4ad sc_inner_width_none sc_content_align_inherit sc_layouts_column_icons_position_left\" data-id=\"3c7a4ad\" data-element_type=\"column\">\n\t\t\t<div class=\"elementor-widget-wrap elementor-element-populated\">\n\t\t\t\t\t\t<div class=\"elementor-element elementor-element-e974f2a sc_height_medium animation_type_block sc_fly_static elementor-widget elementor-widget-spacer\" data-id=\"e974f2a\" data-element_type=\"widget\" data-widget_type=\"spacer.default\">\n\t\t\t\t<div class=\"elementor-widget-container\">\n\t\t\t\t\t\t\t<div class=\"elementor-spacer\">\n\t\t\t<div class=\"elementor-spacer-inner\"><\/div>\n\t\t<\/div>\n\t\t\t\t\t\t<\/div>\n\t\t\t\t<\/div>\n\t\t\t\t\t<\/div>\n\t\t<\/div>\n\t\t\t\t\t<\/div>\n\t\t<\/section>\n\t\t\t\t<section class=\"elementor-section elementor-top-section elementor-element elementor-element-d8e39de elementor-section-boxed elementor-section-height-default elementor-section-height-default elementor-invisible\" data-id=\"d8e39de\" data-element_type=\"section\" data-settings=\"{&quot;animation&quot;:&quot;fadeIn&quot;,&quot;animation_delay&quot;:200}\">\n\t\t\t\t\t\t<div class=\"elementor-container elementor-column-gap-extended\">\n\t\t\t\t\t<div class=\"elementor-column elementor-col-100 elementor-top-column elementor-element elementor-element-ba98a62 sc_inner_width_none sc_content_align_inherit sc_layouts_column_icons_position_left\" data-id=\"ba98a62\" data-element_type=\"column\">\n\t\t\t<div class=\"elementor-widget-wrap elementor-element-populated\">\n\t\t\t\t\t\t<div class=\"elementor-element elementor-element-cb99207 animation_type_block sc_fly_static elementor-widget elementor-widget-trx_sc_title\" data-id=\"cb99207\" data-element_type=\"widget\" data-widget_type=\"trx_sc_title.default\">\n\t\t\t\t<div class=\"elementor-widget-container\">\n\t\t\t\t\t<div id=\"trx_sc_title_1510336879\"\n\t\tclass=\"sc_title sc_title_decoration extra_vision\"><h2 class=\"sc_item_title sc_title_title sc_item_title_style_decoration sc_item_title_tag\"><span class=\"sc_item_title_text\">Informativa Privacy e Cookie Policy<\/span><\/h2><div id=\"sc_button_786838428\"\tclass=\"sc_item_button sc_button_wrap sc_item_button sc_item_button_simple sc_title_button\"><a href=\"https:\/\/shop.busatti.com\/en\" class=\"sc_button sc_button_simple sc_button_size_normal sc_button_icon_left\" target=\"_blank\"><span class=\"sc_button_text\"><span class=\"sc_button_title\">visit our shop<\/span><\/span><!-- \/.sc_button_text --><\/a><!-- \/.sc_button --><\/div><!-- \/.sc_item_button --><\/div><!-- \/.sc_title -->\t\t\t\t<\/div>\n\t\t\t\t<\/div>\n\t\t\t\t<div class=\"elementor-element elementor-element-f45c12a animation_type_block sc_fly_static elementor-widget elementor-widget-spacer\" data-id=\"f45c12a\" data-element_type=\"widget\" data-widget_type=\"spacer.default\">\n\t\t\t\t<div class=\"elementor-widget-container\">\n\t\t\t\t\t\t\t<div class=\"elementor-spacer\">\n\t\t\t<div class=\"elementor-spacer-inner\"><\/div>\n\t\t<\/div>\n\t\t\t\t\t\t<\/div>\n\t\t\t\t<\/div>\n\t\t\t\t\t<\/div>\n\t\t<\/div>\n\t\t\t\t\t<\/div>\n\t\t<\/section>\n\t\t\t\t<section class=\"elementor-section elementor-top-section elementor-element elementor-element-506da29 elementor-section-boxed elementor-section-height-default elementor-section-height-default elementor-invisible\" data-id=\"506da29\" data-element_type=\"section\" data-settings=\"{&quot;animation&quot;:&quot;fadeIn&quot;,&quot;animation_delay&quot;:400}\">\n\t\t\t\t\t\t<div class=\"elementor-container elementor-column-gap-extended\">\n\t\t\t\t\t<div class=\"elementor-column elementor-col-100 elementor-top-column elementor-element elementor-element-37ffe6e sc_inner_width_none sc_content_align_inherit sc_layouts_column_icons_position_left\" data-id=\"37ffe6e\" data-element_type=\"column\">\n\t\t\t<div class=\"elementor-widget-wrap elementor-element-populated\">\n\t\t\t\t\t\t<div class=\"elementor-element elementor-element-2d1e70b animation_type_block sc_fly_static elementor-widget elementor-widget-text-editor\" data-id=\"2d1e70b\" data-element_type=\"widget\" data-widget_type=\"text-editor.default\">\n\t\t\t\t<div class=\"elementor-widget-container\">\n\t\t\t\t\t\t\t\t\t<h4 style=\"text-align: left;\"><strong>Cookie declaration:<\/strong><\/h4><p style=\"text-align: left;\"><script\n\t\ttype=\"text\/javascript\"\n\t\tid=\"CookieDeclaration\"\n\t\tsrc=\"https:\/\/consent.cookiebot.com\/d819e869-6c66-44c9-8fc6-ad8cce505edc\/cd.js\"\n\t\tasync><\/script>\n<\/p><h4 style=\"text-align: left;\"><strong>Titolare del Trattamento &#8211; Tutela della Privacy<\/strong><\/h4><p style=\"text-align: left;\">Titolare del Trattamento dei Dati: Dott. Livio Sassolini &#8211; Busatti S.R.L. P.IVA 00244960514 REA: AR-64361 via Mazzini, 14 &#8211; 52031 Anghiari (AR) Toscana ITALY &#8211; Indirizzo email del Titolare: uff.cont@busatti.com &#8211; La seguente privacy policy del sito shop.busatti.com \u00e8 valida anche per il sito corporate www.busatti.com \u00e8 il Titolare del trattamento dei dati personali raccolti su questo sito ai sensi e per gli effetti del Codice della Privacy ai sensi e per gli effetti del Regolamento UE 679\/2016 (GDPR) Questa Informativa Privacy \u00e8 aggiornata al <strong>25\/05\/2018<\/strong>.<br \/>Conformemente all\u2019impegno e alla cura che Titolare del Trattamento dei Dati: Dott. Livio Sassolini &#8211; Busatti S.R.L. P.IVA 00244960514 REA: AR-64361 via Mazzini, 14 &#8211; 52031 Anghiari (AR) Toscana ITALY &#8211; Indirizzo email del Titolare: uff.cont@busatti.com &#8211; La seguente privacy policy del sito shop.busatti.com \u00e8 valida anche per il sito corporate www.busatti.com dedica alla tutela dei dati personali, La informiamo sulle modalit\u00e0, finalit\u00e0 e ambito di comunicazione e diffusione dei Suoi dati personali e sui Suoi diritti, in conformit\u00e0 all\u2019art. 13 del D. Lgs. 196\/2003.<\/p><h4 style=\"text-align: left;\">Dati Personali e Dati di Navigazione<\/h4><p style=\"text-align: left;\">Per offrirLe i servizi personalizzati previsti<br \/>dai propri siti internet Titolare del Trattamento dei Dati: Dott. Livio Sassolini &#8211; Busatti S.R.L. P.IVA 00244960514 REA: AR-64361 via Mazzini, 14 &#8211; 52031 Anghiari (AR) Toscana ITALY &#8211; Indirizzo email del Titolare: uff.cont@busatti.com &#8211; La seguente privacy policy del sito shop.busatti.com \u00e8 valida anche per il sito corporate www.busatti.com, in qualit\u00e0 di Titolare del trattamento,<br \/>deve trattare alcuni dati identificativi necessari per l\u2019 erogazione dei servizi.<\/p><p style=\"text-align: left;\">I sistemi informatici e le procedure tecniche e software sottostanti il funzionamento di questo sito web acquisiscono, nel corso del loro normale esercizio, alcuni dati personali la cui trasmissione \u00e8 implicita nei meccanismi di funzionamento e dei protocolli in uso su Internet.<br \/>Ogni volta che l\u2019utente accede a questo sito e ogni volta che richiama o richiede un contenuto i dati d\u2019accesso vengono memorizzati presso i nostri sistemi e potenzialmente anche dal responsabile del trattamento e dagli incaricati del trattamento, sotto forma di file di dati tabellari o lineari (all\u2019interno di appositi file di log), strutturati e\/o destrutturati.<\/p><p style=\"text-align: left;\">Ogni riga di stoccaggio dei dati \u00e8 composta da informazioni quali:<br \/>&#8211; Il sito Internet da cui \u00e8 stata richiamata la nostra pagina (c.d. \u201creferral\u201d);<br \/>&#8211; Il Suo indirizzo IP;<br \/>&#8211; La data e l\u2019ora della richiesta o dell\u2019accesso;<br \/>&#8211; La richiesta medesima da parte del Suo browser o di altro client, sotto forma di indirizzi in notazione URI (Uniform Resource Identifier);<br \/>&#8211; Il codice tecnico della risposta http ottenuta dal server (errore, buon fine, ecc.);<br \/>&#8211; La quantit\u00e0 di dati trasmessa;<br \/>&#8211; Il browser, le sue caratteristiche tecniche e funzionali ed il sistema operativo utilizzati.<\/p><p style=\"text-align: left;\">Questi dati potranno essere utilizzati dal Titolare al solo fine di ricavare informazioni statistiche anonime sull\u2019uso del sito al fine di individuare le pagine preferite dagli utenti e fornire dunque contenuti sempre pi\u00f9 adeguati e per controllarne il corretto funzionamento. Su richiesta dell\u2019Autorit\u00e0, i dati potrebbero essere utilizzati per l\u2019accertamento di responsabilit\u00e0 in caso di ipotetici reati informatici ai danni del sito o dei suoi utenti.<\/p><h4 style=\"text-align: left;\">Cookie Policy<\/h4><p style=\"text-align: left;\">Al fine di rendere pi\u00f9 comoda possibile la Sua visita al nostro sito web, per la presentazione del nostro assortimento di prodotti utilizziamo dei cookies. Si tratta di piccoli aggregati di testo registrati localmente nella memoria temporanea del Suo browser, e quindi nel Suo computer, per periodi di tempo variabili in funzione dell\u2019esigenza e generalmente compresi tra poche ore e alcuni anni, con l\u2019eccezione dei cookie di profilazione la cui durata massima \u00e8 di 365 giorni solari.<\/p><p style=\"text-align: left;\">Mediante i cookie \u00e8 possibile registrare in modo semi-permanente informazioni relative alle Sue preferenze e altri dati tecnici che permettono una navigazione pi\u00f9 agevole e una maggiore facilit\u00e0 d\u2019uso e efficacia del sito stesso. Ad esempio, i cookies possono essere usati per determinare se \u00e8 gi\u00e0 stata effettuata una connessione fra il Suo computer e i nostri siti per evidenziare le novit\u00e0 o mantenere le informazioni di \u201clogin\u201d. A Sua garanzia, viene identificato solo il cookie memorizzato sul suo computer.<\/p><h4 style=\"text-align: left;\"><b>Tipologie di Cookie<\/b><\/h4><p style=\"text-align: left;\">Questo sito fa uso di quattro diverse tipologie di cookie:<\/p><p style=\"text-align: left;\"><b>1. Cookie tecnici essenziali <\/b><br \/>Questi cookie sono necessari al corretto funzionamento del sito. Consentono la navigazione delle pagine, la condivisione dei nostri contenuti, la memorizzazione delle Sue credenziali di accesso per rendere pi\u00f9 rapido l\u2019ingresso nel sito e per mantenere attive le Sue preferenze e credenziali durante la navigazione. Senza questi cookie non potremmo fornire i servizi per i quali gli utenti accedono al sito.<\/p><p style=\"text-align: left;\"><b>2. Cookie statistici e prestazionali <\/b><br \/>Questi cookie ci permettono di sapere in che modo i visitatori utilizzano il sito, per poterne cos\u00ec valutare e migliorare il funzionamento e privilegiare la produzione di contenuti che meglio incontrano i bisogni informativi dei nostri utenti. Ad esempio, consentono di sapere quali sono le pagine pi\u00f9 e meno frequentate. Tengono conto, tra le altre cose, del numero di visitatori, del tempo trascorso sul sito dalla media degli utenti e delle modalit\u00e0 di arrivo di questi. In questo modo, possiamo sapere che cosa funziona bene e che cosa migliorare, oltre ad assicurarci che le pagine si carichino velocemente e siano visualizzate correttamente. Tutte le informazioni raccolte da questi cookie sono anonime e non collegate ai dati personali dell\u2019utente. Per eseguire queste funzioni nei nostri siti utilizziamo i servizi di terze parti che anonimizzano i dati rendendoli non riconducibili a singoli individui (cosiddetto \u201csingle-in\u201d). Laddove siano presenti servizi non completamente anonimizzati, Lei li trover\u00e0 elencati tra i cookie di terze parti per i quali \u00e8 possibile negare il consenso, a garanzia della Sua privacy.<\/p><p style=\"text-align: left;\"><b>3. Cookie funzionali e di profilazione di terze parti <\/b><br \/>In questa categoria ricadono sia cookie erogati da soggetti partner di Titolare del Trattamento dei Dati: Dott. Livio Sassolini &#8211; Busatti S.R.L. P.IVA 00244960514 REA: AR-64361 via Mazzini, 14 &#8211; 52031 Anghiari (AR) Toscana ITALY &#8211; Indirizzo email del Titolare: uff.cont@busatti.com &#8211; La seguente privacy policy del sito shop.busatti.com \u00e8 valida anche per il sito corporate www.busatti.com e ad essa noti, sia cookie erogati da soggetti terzi non direttamente controllati o controllabili da Titolare del Trattamento dei Dati: Dott. Livio Sassolini &#8211; Busatti S.R.L. P.IVA 00244960514 REA: AR-64361 via Mazzini, 14 &#8211; 52031 Anghiari (AR) Toscana ITALY &#8211; Indirizzo email del Titolare: uff.cont@busatti.com &#8211; La seguente privacy policy del sito shop.busatti.com \u00e8 valida anche per il sito corporate www.busatti.com.<br \/>I cookie provenienti dai nostri partner consentono di offrire funzionalit\u00e0 avanzate, nonch\u00e9 maggiori informazioni e funzioni personali. Ci\u00f2 include la possibilit\u00e0 di condividere contenuti attraverso i social network, di accedere ai servizi di videostreaming e alle reti CDN sulle quali ospitiamo i nostri contenuti. Tali servizi sono principalmente forniti da operatori esterni ingaggiati o consapevolmente integrati da Titolare del Trattamento dei Dati: Dott. Livio Sassolini &#8211; Busatti S.R.L. P.IVA 00244960514 REA: AR-64361 via Mazzini, 14 &#8211; 52031 Anghiari (AR) Toscana ITALY &#8211; Indirizzo email del Titolare: uff.cont@busatti.com &#8211; La seguente privacy policy del sito shop.busatti.com \u00e8 valida anche per il sito corporate www.busatti.com. Se si dispone di un account o se si utilizzano i servizi di tali soggetti su altri siti Web, questi potrebbero essere in grado di sapere che l\u2019utente ha visitato i nostri siti. L\u2019utilizzo dei dati raccolti da questi operatori esterni tramite cookie \u00e8 sottoposto alle rispettive politiche sulla privacy e pertanto si identificano tali cookie con i nomi dei rispettivi soggetti riportati nel tool di gestione dei cookie disponibile nell\u2019apposita sezione di questa Informativa. Tra questi si annoverano i cookie registrati dai principali social network che Le consentono di condividere gli articoli dei nostri siti e di manifestare pubblicamente il gradimento per il nostro lavoro.<br \/>I cookie non provenienti da partner di Titolare del Trattamento dei Dati: Dott. Livio Sassolini &#8211; Busatti S.R.L. P.IVA 00244960514 REA: AR-64361 via Mazzini, 14 &#8211; 52031 Anghiari (AR) Toscana ITALY &#8211; Indirizzo email del Titolare: uff.cont@busatti.com &#8211; La seguente privacy policy del sito shop.busatti.com \u00e8 valida anche per il sito corporate www.busatti.com, sono cookie veicolati senza il controllo di Titolare del Trattamento dei Dati: Dott. Livio Sassolini &#8211; Busatti S.R.L. P.IVA 00244960514 REA: AR-64361 via Mazzini, 14 &#8211; 52031 Anghiari (AR) Toscana ITALY &#8211; Indirizzo email del Titolare: uff.cont@busatti.com &#8211; La seguente privacy policy del sito shop.busatti.com \u00e8 valida anche per il sito corporate www.busatti.com, da soggetti terzi che hanno modo di intercettare l\u2019utente durante la sua navigazione anche al di fuori dei siti Titolare del Trattamento dei Dati: Dott. Livio Sassolini &#8211; Busatti S.R.L. P.IVA 00244960514 REA: AR-64361 via Mazzini, 14 &#8211; 52031 Anghiari (AR) Toscana ITALY &#8211; Indirizzo email del Titolare: uff.cont@busatti.com &#8211; La seguente privacy policy del sito shop.busatti.com \u00e8 valida anche per il sito corporate www.busatti.com. Questi cookie, tipicamente di profilazione, non sono direttamente controllabili da Titolare del Trattamento dei Dati: Dott. Livio Sassolini &#8211; Busatti S.R.L. P.IVA 00244960514 REA: AR-64361 via Mazzini, 14 &#8211; 52031 Anghiari (AR) Toscana ITALY &#8211; Indirizzo email del Titolare: uff.cont@busatti.com &#8211; La seguente privacy policy del sito shop.busatti.com \u00e8 valida anche per il sito corporate www.busatti.com che non pu\u00f2 quindi garantire in merito all\u2019uso che i terzi titolari fanno delle informazioni raccolte.<\/p><h4 style=\"text-align: left;\">Gestione dei cookie<\/h4><p style=\"text-align: left;\">Nel caso in cui Lei abbia dubbi o preoccupazioni in merito all\u2019utilizzo dei cookie Le \u00e8 sempre possibile intervenire per impedirne l\u2019impostazione e la lettura, ad esempio modificando le impostazioni sulla privacy all\u2019interno del Suo browser al fine di bloccarne determinati tipi o utilizzando il tool che Le mettiamo a disposizione in questa Informativa.<\/p><p style=\"text-align: left;\">Poich\u00e9 ciascun browser &#8211; e spesso diverse versioni dello stesso browser &#8211; differiscono anche sensibilmente le une dalle altre se preferisce agire autonomamente mediante le preferenze del Suo browser pu\u00f2 trovare informazioni dettagliate sulla procedura necessaria nella guida del Suo browser. Per una panoramica delle modalit\u00e0 di azione per i browser pi\u00f9 comuni, pu\u00f2 visitare l\u2019indirizzo<b> <\/b><a href=\"http:\/\/www.cookiepedia.co.uk\/index.php?title=How_to_Manage_Cookies\" target=\"_blank\" rel=\"noopener\"><b>http:\/\/www.cookiepedia.co.uk\/index.php?title=How_to_Manage_Cookies<\/b><\/a><\/p><p style=\"text-align: left;\">Le societ\u00e0 pubblicitarie consentono inoltre di rinunciare alla ricezione di annunci mirati, se lo si desidera. Ci\u00f2 non impedisce l\u2019impostazione dei cookie, ma interrompe l\u2019utilizzo e la raccolta di alcuni dati da parte di tali societ\u00e0.<\/p><p style=\"text-align: left;\">Per maggiori informazioni e possibilit\u00e0 di rinuncia, visitare l\u2019indirizzo <b> <a href=\"http:\/\/www.youronlinechoices.com\/it\/\" target=\"_blank\" rel=\"noopener\">http:\/\/www.youronlinechoices.com\/it\/<\/a><\/b><\/p><h4 style=\"text-align: left;\">Accettazione e rinuncia dei cookie<\/h4><p style=\"text-align: left;\">Proseguendo nella navigazione su questo sito chiudendo la fascetta informativa o facendo click in una qualsiasi parte della pagina o scorrendola per evidenziare ulteriore contenuto, si accetta la Cookie Policy di Titolare del Trattamento dei Dati: Dott. Livio Sassolini &#8211; Busatti S.R.L. P.IVA 00244960514 REA: AR-64361 via Mazzini, 14 &#8211; 52031 Anghiari (AR) Toscana ITALY &#8211; Indirizzo email del Titolare: uff.cont@busatti.com &#8211; La seguente privacy policy del sito shop.busatti.com \u00e8 valida anche per il sito corporate www.busatti.com e verranno impostati e raccolti i cookie. In caso di mancata accettazione dei cookie mediante abbandono della navigazione, eventuali cookie gi\u00e0 registrati localmente nel Suo browser rimarranno ivi registrati ma non saranno pi\u00f9 letti n\u00e9 utilizzati da Titolare del Trattamento dei Dati: Dott. Livio Sassolini &#8211; Busatti S.R.L. P.IVA 00244960514 REA: AR-64361 via Mazzini, 14 &#8211; 52031 Anghiari (AR) Toscana ITALY &#8211; Indirizzo email del Titolare: uff.cont@busatti.com &#8211; La seguente privacy policy del sito shop.busatti.com \u00e8 valida anche per il sito corporate www.busatti.com fino ad una successiva ed eventuale accettazione della Policy. Lei avr\u00e0 sempre la possibilit\u00e0 di rimuovere tali cookie in qualsiasi momento attraverso le modalit\u00e0 di cui ai siti citati nel paragrafo \u201cGestione dei cookie\u201d.<\/p>\t\t\t\t\t\t\t\t<\/div>\n\t\t\t\t<\/div>\n\t\t\t\t<div class=\"elementor-element elementor-element-b2b1573 sc_height_medium animation_type_block sc_fly_static elementor-widget elementor-widget-spacer\" data-id=\"b2b1573\" data-element_type=\"widget\" data-widget_type=\"spacer.default\">\n\t\t\t\t<div class=\"elementor-widget-container\">\n\t\t\t\t\t\t\t<div class=\"elementor-spacer\">\n\t\t\t<div class=\"elementor-spacer-inner\"><\/div>\n\t\t<\/div>\n\t\t\t\t\t\t<\/div>\n\t\t\t\t<\/div>\n\t\t\t\t\t<\/div>\n\t\t<\/div>\n\t\t\t\t\t<\/div>\n\t\t<\/section>\n\t\t\t\t<\/div>\n\t\t","protected":false},"excerpt":{"rendered":"<p>Informativa Privacy e Cookie Policy visit our shop Cookie declaration: Titolare del Trattamento &#8211; Tutela della Privacy Titolare del Trattamento dei Dati: Dott. Livio Sassolini &#8211; Busatti S.R.L. P.IVA 00244960514 REA: AR-64361 via Mazzini, 14 &#8211; 52031 Anghiari (AR) Toscana ITALY &#8211; Indirizzo email del&hellip;<\/p>\n","protected":false},"author":4,"featured_media":0,"parent":0,"menu_order":0,"comment_status":"closed","ping_status":"closed","template":"","meta":{"_monsterinsights_skip_tracking":false,"_monsterinsights_sitenote_active":false,"_monsterinsights_sitenote_note":"","_monsterinsights_sitenote_category":0,"_uf_show_specific_survey":0,"_uf_disable_surveys":false,"footnotes":""},"class_list":["post-6116","page","type-page","status-publish","hentry"],"aioseo_notices":[],"_links":{"self":[{"href":"https:\/\/busatti.com\/en\/wp-json\/wp\/v2\/pages\/6116","targetHints":{"allow":["GET"]}}],"collection":[{"href":"https:\/\/busatti.com\/en\/wp-json\/wp\/v2\/pages"}],"about":[{"href":"https:\/\/busatti.com\/en\/wp-json\/wp\/v2\/types\/page"}],"author":[{"embeddable":true,"href":"https:\/\/busatti.com\/en\/wp-json\/wp\/v2\/users\/4"}],"replies":[{"embeddable":true,"href":"https:\/\/busatti.com\/en\/wp-json\/wp\/v2\/comments?post=6116"}],"version-history":[{"count":7,"href":"https:\/\/busatti.com\/en\/wp-json\/wp\/v2\/pages\/6116\/revisions"}],"predecessor-version":[{"id":7742,"href":"https:\/\/busatti.com\/en\/wp-json\/wp\/v2\/pages\/6116\/revisions\/7742"}],"wp:attachment":[{"href":"https:\/\/busatti.com\/en\/wp-json\/wp\/v2\/media?parent=6116"}],"curies":[{"name":"wp","href":"https:\/\/api.w.org\/{rel}","templated":true}]}}